{"id":87,"date":"2024-11-17T11:32:40","date_gmt":"2024-11-17T11:32:40","guid":{"rendered":"http:\/\/192.168.0.134:10017\/?page_id=87"},"modified":"2025-07-22T16:39:59","modified_gmt":"2025-07-22T16:39:59","slug":"chi-siamo","status":"publish","type":"page","link":"https:\/\/salvioniautotrasporti.it\/index.php\/chi-siamo\/","title":{"rendered":"Chi siamo"},"content":{"rendered":"\t\t<div data-elementor-type=\"wp-page\" data-elementor-id=\"87\" class=\"elementor elementor-87\" data-elementor-post-type=\"page\">\n\t\t\t\t<div class=\"no-position  elementor-element elementor-element-58e0504 e-flex e-con-boxed e-con e-parent\" data-id=\"58e0504\" data-element_type=\"container\" data-settings=\"{&quot;background_background&quot;:&quot;classic&quot;}\">\n\t\t\t\t\t<div class=\"e-con-inner\">\n\t\t\t\t<div class=\"elementor-element elementor-element-f0a43c1 gsap-move-no rs-tween_max_btn-no elementor-widget elementor-widget-page-title\" data-id=\"f0a43c1\" data-element_type=\"widget\" data-settings=\"{&quot;align&quot;:&quot;center&quot;}\" data-widget_type=\"page-title.default\">\n\t\t\t\t<div class=\"elementor-widget-container\">\n\t\t\t\t\t\t\t\n\t\t<div class=\"hfe-page-title hfe-page-title-wrapper elementor-widget-heading\">\n\t\t\t\n\t\t\t<h1 class=\"elementor-heading-title elementor-size\">\n\t\t\t\tChi siamo\t\t\t<\/h1 > \n\n\t\t\t\t\t\t\t\t<\/div>\n\t\t\t\t\t\t<\/div>\n\t\t\t\t<\/div>\n\t\t\t\t\t<\/div>\n\t\t\t\t<\/div>\n\t\t<div class=\"no-position  elementor-element elementor-element-cc3ed8b e-flex e-con-boxed e-con e-parent\" data-id=\"cc3ed8b\" data-element_type=\"container\" data-settings=\"{&quot;background_background&quot;:&quot;classic&quot;}\">\n\t\t\t\t\t<div class=\"e-con-inner\">\n\t\t<div class=\"no-position  elementor-element elementor-element-c97cd55 e-con-full e-flex e-con e-child\" data-id=\"c97cd55\" data-element_type=\"container\">\n\t\t\t\t<div class=\"elementor-element elementor-element-0a01ca1 gsap-move-no rs-tween_max_btn-no elementor-widget elementor-widget-rs-heading\" data-id=\"0a01ca1\" data-element_type=\"widget\" data-widget_type=\"rs-heading.default\">\n\t\t\t\t<div class=\"elementor-widget-container\">\n\t\t\t\t\t\n\t\t<div class=\"prelements-heading style1    animate-\">\n\t\t\t<div class=\"title-inner\">\n\t\t\t\t<h2 class=\"title rs-split-text-enable split-in-left\">Ci occupiamo di Trasporti dedicati ed Autotrasporti eccezionali in Italia e all\u2019estero, cercando la soluzione pi\u00f9 affidabile e conveniente.<\/h2>\n\t\t\t<\/div>\n\t\t\t\t\t\t\t<div class=\"description\">\n\t\t\t\t\t<p>La Salvioni Autotrasporti \u00e8 il partner ideale per chi cerca un servizio di trasporti eccezionali che unisca professionalit\u00e0, passione e attenzione ai dettagli.<\/p><p>Ogni giorno ci impegniamo a garantire ai nostri clienti non solo la massima cura per il materiale trasportato, ma anche consegne puntuali e personalizzate, perch\u00e9 sappiamo quanto sia importante rispettare le vostre esigenze e tempistiche.<\/p><p>Il nostro punto di forza risiede nella flessibilit\u00e0 e nella capacit\u00e0 di adattarci alle mutevoli necessit\u00e0 del mercato, offrendo soluzioni su misura per ogni tipo di trasporto.<\/p>\t\t\t\t<\/div>\n\t\t\t\t\t<\/div>\n\t\t\t\t<\/div>\n\t\t\t\t<\/div>\n\t\t<div class=\"no-position  elementor-element elementor-element-265d01c e-con-full e-flex e-con e-child\" data-id=\"265d01c\" data-element_type=\"container\">\n\t\t<div class=\"no-position  elementor-element elementor-element-97900a5 e-con-full e-flex e-con e-child\" data-id=\"97900a5\" data-element_type=\"container\">\n\t\t\t\t<div class=\"elementor-element elementor-element-ce4cc6c elementor-icon-list--layout-traditional elementor-list-item-link-full_width gsap-move-no rs-tween_max_btn-no elementor-widget elementor-widget-icon-list\" data-id=\"ce4cc6c\" data-element_type=\"widget\" data-widget_type=\"icon-list.default\">\n\t\t\t\t\t\t\t<ul class=\"elementor-icon-list-items\">\n\t\t\t\t\t\t\t<li class=\"elementor-icon-list-item\">\n\t\t\t\t\t\t\t\t\t\t\t<span class=\"elementor-icon-list-icon\">\n\t\t\t\t\t\t\t<i aria-hidden=\"true\" class=\"   flaticon-conversation\"><\/i>\t\t\t\t\t\t<\/span>\n\t\t\t\t\t\t\t\t\t\t<span class=\"elementor-icon-list-text\">Siamo a vostra disposizione per fornirvi tutte le informazioni di cui avete bisogno sulla nostra organizzazione e sui nostri servizi. Non esitate a contattarci: saremo lieti di studiare insieme a voi la soluzione migliore per le vostre esigenze.<\/span>\n\t\t\t\t\t\t\t\t\t<\/li>\n\t\t\t\t\t\t<\/ul>\n\t\t\t\t\t\t<\/div>\n\t\t\t\t<\/div>\n\t\t\t\t<\/div>\n\t\t\t\t<div class=\"elementor-element elementor-element-02e99eb gsap-move-no rs-tween_max_btn-no elementor-widget elementor-widget-image\" data-id=\"02e99eb\" data-element_type=\"widget\" data-widget_type=\"image.default\">\n\t\t\t\t\t\t\t\t\t\t\t\t\t\t\t<img decoding=\"async\" width=\"137\" height=\"97\" src=\"https:\/\/salvioniautotrasporti.it\/wp-content\/uploads\/2024\/11\/sign-1.png\" class=\"attachment-large size-large wp-image-241\" alt=\"\" \/>\t\t\t\t\t\t\t\t\t\t\t\t\t\t\t<\/div>\n\t\t\t\t<\/div>\n\t\t<div class=\"no-position  elementor-element elementor-element-92ab8eb e-con-full e-flex e-con e-child\" data-id=\"92ab8eb\" data-element_type=\"container\">\n\t\t<div class=\"no-position  elementor-element elementor-element-b581644 e-con-full e-transform elementor-hidden-mobile e-flex e-con e-child\" data-id=\"b581644\" data-element_type=\"container\" data-settings=\"{&quot;background_background&quot;:&quot;classic&quot;,&quot;position&quot;:&quot;absolute&quot;,&quot;_transform_translateX_effect&quot;:{&quot;unit&quot;:&quot;px&quot;,&quot;size&quot;:-76,&quot;sizes&quot;:[]},&quot;_transform_translateX_effect_laptop&quot;:{&quot;unit&quot;:&quot;px&quot;,&quot;size&quot;:&quot;&quot;,&quot;sizes&quot;:[]},&quot;_transform_translateX_effect_tablet&quot;:{&quot;unit&quot;:&quot;px&quot;,&quot;size&quot;:&quot;&quot;,&quot;sizes&quot;:[]},&quot;_transform_translateX_effect_mobile&quot;:{&quot;unit&quot;:&quot;px&quot;,&quot;size&quot;:&quot;&quot;,&quot;sizes&quot;:[]},&quot;_transform_translateY_effect&quot;:{&quot;unit&quot;:&quot;px&quot;,&quot;size&quot;:&quot;&quot;,&quot;sizes&quot;:[]},&quot;_transform_translateY_effect_laptop&quot;:{&quot;unit&quot;:&quot;px&quot;,&quot;size&quot;:&quot;&quot;,&quot;sizes&quot;:[]},&quot;_transform_translateY_effect_tablet&quot;:{&quot;unit&quot;:&quot;px&quot;,&quot;size&quot;:&quot;&quot;,&quot;sizes&quot;:[]},&quot;_transform_translateY_effect_mobile&quot;:{&quot;unit&quot;:&quot;px&quot;,&quot;size&quot;:&quot;&quot;,&quot;sizes&quot;:[]}}\">\n\t\t\t\t<div class=\"elementor-element elementor-element-5ff38af gsap-move-no rs-tween_max_btn-no elementor-widget elementor-widget-rs-counter\" data-id=\"5ff38af\" data-element_type=\"widget\" data-widget_type=\"rs-counter.default\">\n\t\t\t\t<div class=\"elementor-widget-container\">\n\t\t\t\t\t\t\t\t\t\t<div class=\"counter-top-area\">\r\n\t\t\t\t<div class=\"rs-counter-list\">\r\n\t\t\t\t\t\t\t\t\t\t<div class=\"count-text\">\r\n\t\t\t\t\t\t<div class=\"count-number\">\r\n\t\t\t\t\t\t\t\t\t\t\t\t\t\t\t<span class=\"rs-counter odometer\" data-count=\"\"><\/span>\r\n\t\t\t\t\t\t\t\t\t\t\t\t\t<\/div>\r\n\t\t\t\t\t\t\t\t\t\t\t\t\t<span class=\"title\">Esperienza e Professionalit\u00e0<\/span>\r\n\t\t\t\t\t\t\t\t\t\t\t<\/div>\r\n\t\t\t\t<\/div>\r\n\t\t\t<\/div>\r\n\t\t\t\t\t\t<\/div>\n\t\t\t\t<\/div>\n\t\t\t\t<\/div>\n\t\t\t\t<div class=\"elementor-element elementor-element-ce3466c elementor-absolute gsap-move-no rs-tween_max_btn-no elementor-widget elementor-widget-rs-image\" data-id=\"ce3466c\" data-element_type=\"widget\" data-settings=\"{&quot;_position&quot;:&quot;absolute&quot;}\" data-widget_type=\"rs-image.default\">\n\t\t\t\t<div class=\"elementor-widget-container\">\n\t\t\t\t\t\n        <div class=\"rs-image no ruler_image_no ruler_position_  \">\n                                                            <img decoding=\"async\" class=\"rs-multi-image  reverse- blend_unset\" src=\"https:\/\/logitic.rstheme.com\/logistics\/wp-content\/uploads\/2024\/11\/about-line.png\" alt=\"about-line\"\/>\n                                                                        <\/div>   \n          \n    \t\t\t\t<\/div>\n\t\t\t\t<\/div>\n\t\t\t\t<div class=\"elementor-element elementor-element-e2bc801 elementor-widget-tablet__width-inherit gsap-move-no rs-tween_max_btn-no elementor-widget elementor-widget-rs-image\" data-id=\"e2bc801\" data-element_type=\"widget\" data-widget_type=\"rs-image.default\">\n\t\t\t\t<div class=\"elementor-widget-container\">\n\t\t\t\t\t\n        <div class=\"rs-image no ruler_image_no ruler_position_  \">\n                                                            <img decoding=\"async\" class=\"rs-multi-image  reverse- blend_unset\" src=\"https:\/\/salvioniautotrasporti.it\/wp-content\/uploads\/2025\/07\/choose-img1-copia.png\" alt=\"Autotrasporti Salvioni - Trasporti eccezionali e Movimentazioni industriali Bari\"\/>\n                                                                        <\/div>   \n          \n    \t\t\t\t<\/div>\n\t\t\t\t<\/div>\n\t\t\t\t<div class=\"elementor-element elementor-element-7b2cf38 elementor-absolute gsap-move-no rs-tween_max_btn-no elementor-widget elementor-widget-rs-image\" data-id=\"7b2cf38\" data-element_type=\"widget\" data-settings=\"{&quot;_position&quot;:&quot;absolute&quot;}\" data-widget_type=\"rs-image.default\">\n\t\t\t\t<div class=\"elementor-widget-container\">\n\t\t\t\t\t\n        <div class=\"rs-image no ruler_image_no ruler_position_  \">\n                                                            <img decoding=\"async\" class=\"rs-multi-image  reverse- blend_unset\" src=\"https:\/\/salvioniautotrasporti.it\/wp-content\/uploads\/2025\/07\/trasporti-eccezionali-salvioni-1.webp\" alt=\"Autotrasporti Salvioni - Trasporti eccezionali e Movimentazioni industriali Bari\"\/>\n                                                                        <\/div>   \n          \n    \t\t\t\t<\/div>\n\t\t\t\t<\/div>\n\t\t\t\t<\/div>\n\t\t\t\t\t<\/div>\n\t\t\t\t<\/div>\n\t\t<div class=\"no-position  elementor-element elementor-element-f36f465 e-flex e-con-boxed e-con e-parent\" data-id=\"f36f465\" data-element_type=\"container\" data-settings=\"{&quot;background_background&quot;:&quot;classic&quot;}\">\n\t\t\t\t\t<div class=\"e-con-inner\">\n\t\t<div class=\"no-position  elementor-element elementor-element-c8e5391 e-con-full e-flex e-con e-child\" data-id=\"c8e5391\" data-element_type=\"container\">\n\t\t<div class=\"no-position  elementor-element elementor-element-16d7393 e-con-full e-flex e-con e-child\" data-id=\"16d7393\" data-element_type=\"container\">\n\t\t\t\t<div class=\"elementor-element elementor-element-4d39d30 gsap-move-no rs-tween_max_btn-no elementor-widget elementor-widget-rs-service-grid\" data-id=\"4d39d30\" data-element_type=\"widget\" data-widget_type=\"rs-service-grid.default\">\n\t\t\t\t<div class=\"elementor-widget-container\">\n\t\t\t\t\t\r\n\t\t<div class=\"rs-addon-services style7\">\r\n\t\t\t<div class=\"services-inner box clip-no\">\r\n                    <div class=\"media_wrap\">\r\n                                                            <div class=\"icon_style media-cmn normal\">\r\n                            <svg xmlns=\"http:\/\/www.w3.org\/2000\/svg\" width=\"110\" height=\"110\" viewBox=\"0 0 110 110\" fill=\"none\"><path d=\"M56.216 76.1105C56.0564 75.9507 55.8668 75.824 55.6582 75.7375C55.4495 75.651 55.2259 75.6065 55 75.6065C54.7741 75.6065 54.5505 75.651 54.3418 75.7375C54.1332 75.824 53.9436 75.9507 53.784 76.1105L39.6687 90.2344H22.3438C21.0902 90.2344 19.888 89.7364 19.0016 88.85C18.1152 87.9636 17.6172 86.7614 17.6172 85.5078V59.2969C17.6172 58.0433 18.1152 56.8411 19.0016 55.9547C19.888 55.0683 21.0902 54.5703 22.3438 54.5703H40.8805C41.2984 58.0222 42.966 61.2016 45.5682 63.5078C48.1704 65.814 51.5272 67.0874 55.0043 67.0874C58.4814 67.0874 61.8381 65.814 64.4404 63.5078C67.0426 61.2016 68.7102 58.0222 69.1281 54.5703H87.6885C89.8537 54.5703 91.9303 53.7102 93.4613 52.1791C94.9924 50.6481 95.8525 48.5715 95.8525 46.4062V20.2189C95.8525 18.0537 94.9924 15.9771 93.4613 14.4461C91.9303 12.915 89.8537 12.0549 87.6885 12.0549H67.0635V3.4375C67.0635 2.98166 66.8824 2.54449 66.5601 2.22216C66.2377 1.89983 65.8006 1.71875 65.3447 1.71875H44.6639C44.208 1.71875 43.7709 1.89983 43.4485 2.22216C43.1262 2.54449 42.9451 2.98166 42.9451 3.4375V24.1119C42.9451 24.5678 43.1262 25.0049 43.4485 25.3273C43.7709 25.6496 44.208 25.8307 44.6639 25.8307H65.3361C65.792 25.8307 66.2291 25.6496 66.5515 25.3273C66.8738 25.0049 67.0549 24.5678 67.0549 24.1119V15.4924H87.6799C88.9334 15.4924 90.1357 15.9904 91.0221 16.8768C91.9085 17.7632 92.4064 18.9654 92.4064 20.2189V46.4062C92.4064 47.6598 91.9085 48.862 91.0221 49.7484C90.1357 50.6348 88.9334 51.1328 87.6799 51.1328H69.1238C68.7059 47.6809 67.0383 44.5015 64.4361 42.1953C61.8338 39.8891 58.4771 38.6157 55 38.6157C51.5229 38.6157 48.1662 39.8891 45.5639 42.1953C42.9617 44.5015 41.2941 47.6809 40.8762 51.1328H22.3438C20.1785 51.1328 18.1019 51.993 16.5709 53.524C15.0398 55.0551 14.1797 57.1316 14.1797 59.2969V85.5078C14.1797 87.6731 15.0398 89.7496 16.5709 91.2807C18.1019 92.8117 20.1785 93.6719 22.3438 93.6719H39.673L53.7883 107.787C53.9479 107.947 54.1375 108.074 54.3461 108.16C54.5548 108.247 54.7784 108.291 55.0043 108.291C55.2302 108.291 55.4538 108.247 55.6625 108.16C55.8711 108.074 56.0607 107.947 56.2203 107.787L70.8297 93.167C71.1518 92.8447 71.3327 92.4077 71.3327 91.952C71.3327 91.4964 71.1518 91.0594 70.8297 90.7371L56.216 76.1105ZM63.6174 22.3996H46.3826V5.15625H63.6174V22.3996ZM55 42.0578C57.1348 42.0578 59.2217 42.6909 60.9967 43.8769C62.7717 45.0629 64.1552 46.7487 64.9721 48.721C65.7891 50.6933 66.0028 52.8635 65.5864 54.9573C65.1699 57.0511 64.1419 58.9744 62.6323 60.4839C61.1228 61.9934 59.1995 63.0214 57.1058 63.4379C55.012 63.8544 52.8417 63.6406 50.8694 62.8237C48.8971 62.0067 47.2114 60.6233 46.0253 58.8482C44.8393 57.0732 44.2062 54.9864 44.2062 52.8516C44.2097 49.9899 45.348 47.2465 47.3714 45.223C49.3949 43.1995 52.1384 42.0612 55 42.0578ZM55 104.133L42.8119 91.9531L55 79.7564L67.1881 91.9531L55 104.133ZM108.281 91.9531C108.281 92.1864 108.233 92.4172 108.141 92.6314C108.049 92.8457 107.914 93.0388 107.744 93.1992L103.082 97.6207C102.92 97.7835 102.727 97.912 102.514 97.9988C102.301 98.0856 102.073 98.1288 101.843 98.1258C101.613 98.1229 101.386 98.0739 101.176 97.9818C100.965 97.8896 100.775 97.7562 100.617 97.5893C100.459 97.4225 100.336 97.2257 100.255 97.0104C100.175 96.7952 100.138 96.566 100.148 96.3364C100.157 96.1068 100.212 95.8814 100.311 95.6735C100.409 95.4657 100.547 95.2796 100.719 95.1264L102.253 93.6719H83.1166C82.6608 93.6719 82.2236 93.4908 81.9013 93.1685C81.5789 92.8461 81.3979 92.409 81.3979 91.9531C81.3979 91.4973 81.5789 91.0601 81.9013 90.7378C82.2236 90.4155 82.6608 90.2344 83.1166 90.2344H102.253L100.719 88.7799C100.547 88.6266 100.409 88.4406 100.311 88.2327C100.212 88.0249 100.157 87.7995 100.148 87.5699C100.138 87.3402 100.175 87.111 100.255 86.8958C100.336 86.6806 100.459 86.4837 100.617 86.3169C100.775 86.1501 100.965 86.0166 101.176 85.9245C101.386 85.8323 101.613 85.7833 101.843 85.7804C102.073 85.7775 102.301 85.8207 102.514 85.9075C102.727 85.9942 102.92 86.1228 103.082 86.2855L107.744 90.7049C107.914 90.8655 108.049 91.059 108.141 91.2737C108.234 91.4883 108.281 91.7195 108.281 91.9531ZM22.5715 15.4924H3.4375C2.98166 15.4924 2.54449 15.3113 2.22216 14.989C1.89983 14.6666 1.71875 14.2295 1.71875 13.7736C1.71875 13.3178 1.89983 12.8806 2.22216 12.5583C2.54449 12.236 2.98166 12.0549 3.4375 12.0549H22.5715L21.0375 10.6025C20.7064 10.2891 20.5134 9.85708 20.501 9.40139C20.4885 8.9457 20.6575 8.50371 20.9709 8.17266C21.2843 7.8416 21.7164 7.6486 22.172 7.63611C22.6277 7.62362 23.0697 7.79266 23.4008 8.10605L28.0629 12.5275C28.2322 12.6881 28.3671 12.8815 28.4593 13.096C28.5515 13.3104 28.599 13.5413 28.599 13.7747C28.599 14.0081 28.5515 14.239 28.4593 14.4535C28.3671 14.6679 28.2322 14.8613 28.0629 15.0219L23.4008 19.4412C23.2385 19.604 23.0453 19.7325 22.8324 19.8193C22.6196 19.9061 22.3915 19.9493 22.1617 19.9463C21.9319 19.9434 21.705 19.8944 21.4945 19.8023C21.2839 19.7101 21.094 19.5767 20.9359 19.4099C20.7778 19.243 20.6548 19.0462 20.5742 18.831C20.4935 18.6157 20.4568 18.3865 20.4663 18.1569C20.4758 17.9273 20.5312 17.7019 20.6293 17.494C20.7274 17.2862 20.8662 17.1001 21.0375 16.9469L22.5715 15.4924Z\" fill=\"#F55B1F\"><\/path><\/svg>                        <\/div>\r\n                                                                    <\/div>\r\n            <div class=\"content_part\">\r\n                    <div class=\"services-title\">\r\n                                    <h4 class=\"title\"> Non solo trasporti, ma soluzioni su misura per il tuo business.<\/h4>\r\n                            <\/div>\r\n        \r\n                    <div class=\"desc-text\">\r\n                Ogni incarico viene affrontato con affidabilit\u00e0, competenza e un profondo rispetto per il lavoro dei nostri clienti, perch\u00e9 non ci limitiamo a trasportare merci: ci prendiamo cura del vostro business, contribuendo al successo delle vostre attivit\u00e0.\n\nCon orgoglio, lavoriamo ogni giorno per offrire un servizio di qualit\u00e0, costruendo relazioni basate sulla fiducia e sulla soddisfazione reciproca. La vostra tranquillit\u00e0 \u00e8 il nostro obiettivo: affidandovi a noi, potrete contare su un partner che mette al primo posto la sicurezza dei trasporti, la precisione e l\u2019attenzione ai dettagli.            <\/div>\r\n        \r\n        \r\n            <\/div>\r\n<\/div>\t\t<\/div>\r\n\r\n\t\t\t\t<\/div>\n\t\t\t\t<\/div>\n\t\t\t\t<div class=\"elementor-element elementor-element-ccd0e35 gsap-move-no rs-tween_max_btn-no elementor-widget elementor-widget-rs-button\" data-id=\"ccd0e35\" data-element_type=\"widget\" data-widget_type=\"rs-button.default\">\n\t\t\t\t<div class=\"elementor-widget-container\">\n\t\t\t\t\t\t\t<div class=\"rs-button style1 unique-41459\">\r\n\r\n\t\t\t\r\n\t\t\t\t\t\t\t<a class=\"rs-btn anim-dir-\" href=\"https:\/\/salvioniautotrasporti.it\/index.php\/contatti\/\" >\t\r\n\t\t\t\t\t<span class=\"\">Richiedi preventivo personalizzato \r\n\t\t\t\t\t\t\t\t\t\t\t<em>\r\n\t\t\t\t\t\t\t<i aria-hidden=\"true\" class=\"ri-arrow-right-line\"><\/i>\t\t\t\t\t\t\t<i aria-hidden=\"true\" class=\"ri-arrow-right-line\"><\/i>\t\t\t\t\t\t<\/em>\t\r\n\t\t\t\t\t\t\t\t\t\t<\/span>\r\n\t\t\t\t<\/a>\r\n\t\t\t\t\t<\/div>\r\n\t\t\t\t\t<\/div>\n\t\t\t\t<\/div>\n\t\t\t\t<\/div>\n\t\t\t\t<\/div>\n\t\t\t\t\t<\/div>\n\t\t\t\t<\/div>\n\t\t\t\t<\/div>\n\t\t","protected":false},"excerpt":{"rendered":"<p>Chi siamo Ci occupiamo di Trasporti dedicati ed Autotrasporti eccezionali in Italia e all\u2019estero, cercando la soluzione pi\u00f9 affidabile e conveniente. La Salvioni Autotrasporti \u00e8 il partner ideale per chi cerca un servizio di trasporti eccezionali che unisca professionalit\u00e0, passione e attenzione ai dettagli. Ogni giorno ci impegniamo a garantire ai nostri clienti non solo&#8230;<\/p>\n","protected":false},"author":1,"featured_media":0,"parent":0,"menu_order":0,"comment_status":"closed","ping_status":"closed","template":"elementor_header_footer","meta":{"footnotes":""},"class_list":["post-87","page","type-page","status-publish","hentry"],"_links":{"self":[{"href":"https:\/\/salvioniautotrasporti.it\/index.php\/wp-json\/wp\/v2\/pages\/87","targetHints":{"allow":["GET"]}}],"collection":[{"href":"https:\/\/salvioniautotrasporti.it\/index.php\/wp-json\/wp\/v2\/pages"}],"about":[{"href":"https:\/\/salvioniautotrasporti.it\/index.php\/wp-json\/wp\/v2\/types\/page"}],"author":[{"embeddable":true,"href":"https:\/\/salvioniautotrasporti.it\/index.php\/wp-json\/wp\/v2\/users\/1"}],"replies":[{"embeddable":true,"href":"https:\/\/salvioniautotrasporti.it\/index.php\/wp-json\/wp\/v2\/comments?post=87"}],"version-history":[{"count":29,"href":"https:\/\/salvioniautotrasporti.it\/index.php\/wp-json\/wp\/v2\/pages\/87\/revisions"}],"predecessor-version":[{"id":10194,"href":"https:\/\/salvioniautotrasporti.it\/index.php\/wp-json\/wp\/v2\/pages\/87\/revisions\/10194"}],"wp:attachment":[{"href":"https:\/\/salvioniautotrasporti.it\/index.php\/wp-json\/wp\/v2\/media?parent=87"}],"curies":[{"name":"wp","href":"https:\/\/api.w.org\/{rel}","templated":true}]}}